{"id":135,"date":"2015-10-30T17:34:32","date_gmt":"2015-10-30T23:34:32","guid":{"rendered":"http:\/\/wp.etradeter.org\/?page_id=135"},"modified":"2023-09-04T11:47:50","modified_gmt":"2023-09-04T17:47:50","slug":"publicaciones","status":"publish","type":"page","link":"https:\/\/etradeter.org\/en\/publicaciones\/","title":{"rendered":"Publications"},"content":{"rendered":"<figure class=\"wp-block-gallery has-nested-images columns-default is-cropped wp-block-gallery-1 is-layout-flex wp-block-gallery-is-layout-flex\">\n<figure class=\"wp-block-image size-large\"><img loading=\"lazy\" decoding=\"async\" width=\"1024\" height=\"705\" data-id=\"1091\" src=\"https:\/\/etradeter.org\/wp-content\/uploads\/Portada-LibroDireccion-Proactiva-de-Proyectos-1-1-1024x705-2.png\" alt=\"\" class=\"wp-image-1091\" srcset=\"https:\/\/etradeter.org\/wp-content\/uploads\/Portada-LibroDireccion-Proactiva-de-Proyectos-1-1-1024x705-2.png 1024w, https:\/\/etradeter.org\/wp-content\/uploads\/Portada-LibroDireccion-Proactiva-de-Proyectos-1-1-1024x705-2-300x207.png 300w, https:\/\/etradeter.org\/wp-content\/uploads\/Portada-LibroDireccion-Proactiva-de-Proyectos-1-1-1024x705-2-150x103.png 150w, https:\/\/etradeter.org\/wp-content\/uploads\/Portada-LibroDireccion-Proactiva-de-Proyectos-1-1-1024x705-2-768x529.png 768w, https:\/\/etradeter.org\/wp-content\/uploads\/Portada-LibroDireccion-Proactiva-de-Proyectos-1-1-1024x705-2-18x12.png 18w\" sizes=\"auto, (max-width: 1024px) 100vw, 1024px\" \/><\/figure>\n\n\n\n<figure class=\"wp-block-image size-large\"><img loading=\"lazy\" decoding=\"async\" width=\"1024\" height=\"704\" data-id=\"1658\" src=\"https:\/\/etradeter.org\/wp-content\/uploads\/Precio-normal-actualizado-1024x704-1.jpg\" alt=\"\" class=\"wp-image-1658\" srcset=\"https:\/\/etradeter.org\/wp-content\/uploads\/Precio-normal-actualizado-1024x704-1.jpg 1024w, https:\/\/etradeter.org\/wp-content\/uploads\/Precio-normal-actualizado-1024x704-1-300x206.jpg 300w, https:\/\/etradeter.org\/wp-content\/uploads\/Precio-normal-actualizado-1024x704-1-150x103.jpg 150w, https:\/\/etradeter.org\/wp-content\/uploads\/Precio-normal-actualizado-1024x704-1-768x528.jpg 768w, https:\/\/etradeter.org\/wp-content\/uploads\/Precio-normal-actualizado-1024x704-1-18x12.jpg 18w\" sizes=\"auto, (max-width: 1024px) 100vw, 1024px\" \/><\/figure>\n<\/figure>\n\n\n<p><!--more--><\/p>\n\n\n<form action=\"https:\/\/www.paypal.com\/cgi-bin\/webscr\" method=\"post\" target=\"_top\">\n<input type=\"hidden\" name=\"cmd\" value=\"_s-xclick\">\n<input type=\"hidden\" name=\"hosted_button_id\" value=\"NRQJXYLNFP766\">\n<input type=\"image\" src=\"https:\/\/www.paypalobjects.com\/es_XC\/MX\/i\/btn\/btn_buynowCC_LG.gif\" border=\"0\" name=\"submit\" alt=\"PayPal, la forma m\u00e1s segura y r\u00e1pida de pagar en l\u00ednea.\">\n<img loading=\"lazy\" decoding=\"async\" alt=\"\" border=\"0\" src=\"https:\/\/www.paypalobjects.com\/es_XC\/i\/scr\/pixel.gif\" width=\"1\" height=\"1\">\n<\/form>\n\n\n<form action=\"https:\/\/www.paypal.com\/cgi-bin\/webscr\" method=\"post\" target=\"_top\">\n<p style=\"text-align: center;\">&nbsp;<\/p>\n<\/form>\n<p><!--more--><\/p>\n<form action=\"https:\/\/www.paypal.com\/cgi-bin\/webscr\" method=\"post\" target=\"_top\">\n<p><img loading=\"lazy\" decoding=\"async\" src=\"https:\/\/www.paypalobjects.com\/es_XC\/i\/scr\/pixel.gif\" alt=\"\" width=\"1\" height=\"1\" border=\"0\"><\/p>\n<\/form>\n<p><iframe loading=\"lazy\" title=\"Proactive Project Management\" width=\"500\" height=\"281\" src=\"https:\/\/www.youtube.com\/embed\/NGLG6P3OjKE?start=3&#038;feature=oembed\" frameborder=\"0\" allow=\"accelerometer; autoplay; clipboard-write; encrypted-media; gyroscope; picture-in-picture; web-share\" referrerpolicy=\"strict-origin-when-cross-origin\" allowfullscreen><\/iframe><\/p>\n<p><!--more--><\/p>\n\n\n<figure class=\"wp-block-gallery has-nested-images columns-default is-cropped wp-block-gallery-2 is-layout-flex wp-block-gallery-is-layout-flex\">\n<figure class=\"wp-block-image size-large\"><img loading=\"lazy\" decoding=\"async\" width=\"1024\" height=\"538\" data-id=\"1659\" src=\"https:\/\/etradeter.org\/wp-content\/uploads\/Anuncio-2-actualizado-768x403-1.jpg\" alt=\"\" class=\"wp-image-1659\" srcset=\"https:\/\/etradeter.org\/wp-content\/uploads\/Anuncio-2-actualizado-768x403-1.jpg 768w, https:\/\/etradeter.org\/wp-content\/uploads\/Anuncio-2-actualizado-768x403-1-300x157.jpg 300w, https:\/\/etradeter.org\/wp-content\/uploads\/Anuncio-2-actualizado-768x403-1-150x79.jpg 150w, https:\/\/etradeter.org\/wp-content\/uploads\/Anuncio-2-actualizado-768x403-1-18x9.jpg 18w\" sizes=\"auto, (max-width: 1024px) 100vw, 1024px\" \/><\/figure>\n\n\n\n<figure class=\"wp-block-image size-large\"><img loading=\"lazy\" decoding=\"async\" width=\"1024\" height=\"534\" data-id=\"1660\" src=\"https:\/\/etradeter.org\/wp-content\/uploads\/Anuncio-3-actualizado-768x400-1.jpg\" alt=\"\" class=\"wp-image-1660\" srcset=\"https:\/\/etradeter.org\/wp-content\/uploads\/Anuncio-3-actualizado-768x400-1.jpg 768w, https:\/\/etradeter.org\/wp-content\/uploads\/Anuncio-3-actualizado-768x400-1-300x156.jpg 300w, https:\/\/etradeter.org\/wp-content\/uploads\/Anuncio-3-actualizado-768x400-1-150x78.jpg 150w, https:\/\/etradeter.org\/wp-content\/uploads\/Anuncio-3-actualizado-768x400-1-18x9.jpg 18w\" sizes=\"auto, (max-width: 1024px) 100vw, 1024px\" \/><\/figure>\n<\/figure>\n\n\n<p>&nbsp; &nbsp; &nbsp; &nbsp; &nbsp; &nbsp; &nbsp; &nbsp; &nbsp; &nbsp;<a href=\"https:\/\/etradeter.org\/en\/?page_id=1339\">Discounts for students and academics&nbsp;<\/a>&nbsp; &nbsp; &nbsp; &nbsp; &nbsp; &nbsp; &nbsp; &nbsp; &nbsp; &nbsp; &nbsp; &nbsp; &nbsp; &nbsp; &nbsp; <a href=\"https:\/\/etradeter.org\/en\/?page_id=1355\">Discounts on the purchase of 2 or more books<\/a><\/p>","protected":false},"excerpt":{"rendered":"","protected":false},"author":1,"featured_media":0,"parent":0,"menu_order":0,"comment_status":"closed","ping_status":"closed","template":"","meta":{"_acf_changed":false,"footnotes":""},"class_list":["post-135","page","type-page","status-publish","hentry"],"acf":[],"_links":{"self":[{"href":"https:\/\/etradeter.org\/en\/wp-json\/wp\/v2\/pages\/135","targetHints":{"allow":["GET"]}}],"collection":[{"href":"https:\/\/etradeter.org\/en\/wp-json\/wp\/v2\/pages"}],"about":[{"href":"https:\/\/etradeter.org\/en\/wp-json\/wp\/v2\/types\/page"}],"author":[{"embeddable":true,"href":"https:\/\/etradeter.org\/en\/wp-json\/wp\/v2\/users\/1"}],"replies":[{"embeddable":true,"href":"https:\/\/etradeter.org\/en\/wp-json\/wp\/v2\/comments?post=135"}],"version-history":[{"count":97,"href":"https:\/\/etradeter.org\/en\/wp-json\/wp\/v2\/pages\/135\/revisions"}],"predecessor-version":[{"id":2086,"href":"https:\/\/etradeter.org\/en\/wp-json\/wp\/v2\/pages\/135\/revisions\/2086"}],"wp:attachment":[{"href":"https:\/\/etradeter.org\/en\/wp-json\/wp\/v2\/media?parent=135"}],"curies":[{"name":"wp","href":"https:\/\/api.w.org\/{rel}","templated":true}]}}