{"id":1355,"date":"2020-05-10T10:22:35","date_gmt":"2020-05-10T15:22:35","guid":{"rendered":"https:\/\/etradeter.org\/?page_id=1355"},"modified":"2020-08-25T16:14:56","modified_gmt":"2020-08-25T21:14:56","slug":"descuentos-en-la-compra-de-2-libros-o-mas","status":"publish","type":"page","link":"https:\/\/etradeter.org\/en\/descuentos-en-la-compra-de-2-libros-o-mas\/","title":{"rendered":"Discounts on the purchase of 2 or more books"},"content":{"rendered":"<figure class=\"wp-block-gallery aligncenter columns-1 is-cropped wp-block-gallery-1 is-layout-flex wp-block-gallery-is-layout-flex\"><ul class=\"blocks-gallery-grid\"><li class=\"blocks-gallery-item\"><figure><img loading=\"lazy\" decoding=\"async\" width=\"1024\" height=\"534\" src=\"https:\/\/etradeter.org\/wp-content\/uploads\/Anuncio-3-actualizado-768x400-1.jpg\" alt=\"\" data-id=\"1660\" data-full-url=\"https:\/\/etradeter.org\/wp-content\/uploads\/Anuncio-3-actualizado.jpg\" data-link=\"https:\/\/etradeter.org\/publicaciones\/anuncio-3-actualizado\/\" class=\"wp-image-1660\" srcset=\"https:\/\/etradeter.org\/wp-content\/uploads\/Anuncio-3-actualizado-768x400-1.jpg 768w, https:\/\/etradeter.org\/wp-content\/uploads\/Anuncio-3-actualizado-768x400-1-300x156.jpg 300w, https:\/\/etradeter.org\/wp-content\/uploads\/Anuncio-3-actualizado-768x400-1-150x78.jpg 150w, https:\/\/etradeter.org\/wp-content\/uploads\/Anuncio-3-actualizado-768x400-1-18x9.jpg 18w\" sizes=\"auto, (max-width: 1024px) 100vw, 1024px\" \/><\/figure><\/li><\/ul><\/figure>\n\n\n\n<form action=\"https:\/\/www.paypal.com\/cgi-bin\/webscr\" method=\"post\" target=\"_top\">\n<input type=\"hidden\" name=\"cmd\" value=\"_s-xclick\">\n<input type=\"hidden\" name=\"hosted_button_id\" value=\"NX88CXSSVAHTS\">\n<table>\n<tr><td><input type=\"hidden\" name=\"on0\" value=\"Precio de descuentos\">Discount price<\/td><\/tr><tr><td><select name=\"os0\">\n\t<option value=\"2 libros 10%\">2 books 10% $2,160.00 MXN<\/option>\n\t<option value=\"3 libros 15%\">3 books 15% $3,060.00 MXN<\/option>\n\t<option value=\"4 libros 20%\">4 books 20% off $3,840.00 MXN<\/option>\n<\/select> <\/td><\/tr>\n<\/table>\n<input type=\"hidden\" name=\"currency_code\" value=\"MXN\">\n<input type=\"image\" src=\"https:\/\/www.paypalobjects.com\/es_XC\/MX\/i\/btn\/btn_buynowCC_LG.gif\" border=\"0\" name=\"submit\" alt=\"PayPal, la forma m\u00e1s segura y r\u00e1pida de pagar en l\u00ednea.\">\n<img loading=\"lazy\" decoding=\"async\" alt=\"\" border=\"0\" src=\"https:\/\/www.paypalobjects.com\/es_XC\/i\/scr\/pixel.gif\" width=\"1\" height=\"1\">\n<\/form>\n\n\n<form action=\"https:\/\/www.paypal.com\/cgi-bin\/webscr\" method=\"post\" target=\"_top\">\n<p><img loading=\"lazy\" decoding=\"async\" src=\"https:\/\/www.paypalobjects.com\/es_XC\/i\/scr\/pixel.gif\" alt=\"\" width=\"1\" height=\"1\" border=\"0\"><\/p>\n<\/form>","protected":false},"excerpt":{"rendered":"<p>Precio de descuentos 2 libros 10% $2,160.00 MXN3 libros 15% $3,060.00 MXN4 libros 20% $3,840.00 MXN<\/p>","protected":false},"author":1,"featured_media":0,"parent":0,"menu_order":0,"comment_status":"closed","ping_status":"closed","template":"page-nosotros.php","meta":{"_acf_changed":false,"footnotes":""},"class_list":["post-1355","page","type-page","status-publish","hentry"],"acf":[],"_links":{"self":[{"href":"https:\/\/etradeter.org\/en\/wp-json\/wp\/v2\/pages\/1355","targetHints":{"allow":["GET"]}}],"collection":[{"href":"https:\/\/etradeter.org\/en\/wp-json\/wp\/v2\/pages"}],"about":[{"href":"https:\/\/etradeter.org\/en\/wp-json\/wp\/v2\/types\/page"}],"author":[{"embeddable":true,"href":"https:\/\/etradeter.org\/en\/wp-json\/wp\/v2\/users\/1"}],"replies":[{"embeddable":true,"href":"https:\/\/etradeter.org\/en\/wp-json\/wp\/v2\/comments?post=1355"}],"version-history":[{"count":12,"href":"https:\/\/etradeter.org\/en\/wp-json\/wp\/v2\/pages\/1355\/revisions"}],"predecessor-version":[{"id":1666,"href":"https:\/\/etradeter.org\/en\/wp-json\/wp\/v2\/pages\/1355\/revisions\/1666"}],"wp:attachment":[{"href":"https:\/\/etradeter.org\/en\/wp-json\/wp\/v2\/media?parent=1355"}],"curies":[{"name":"wp","href":"https:\/\/api.w.org\/{rel}","templated":true}]}}