{"id":97,"date":"2015-10-29T16:34:20","date_gmt":"2015-10-29T22:34:20","guid":{"rendered":"http:\/\/wp.etradeter.org\/?page_id=97"},"modified":"2025-11-06T16:54:56","modified_gmt":"2025-11-06T22:54:56","slug":"quienes-somos","status":"publish","type":"page","link":"https:\/\/etradeter.org\/en\/quienes-somos\/","title":{"rendered":"Vision, Mission and Values"},"content":{"rendered":"<div class=\"wp-block-group is-layout-constrained wp-block-group-is-layout-constrained\">\n<div class=\"wp-block-group is-vertical is-content-justification-left is-nowrap is-layout-flex wp-container-core-group-is-layout-970da055 wp-block-group-is-layout-flex\">\n<p><span style=\"font-size: 13.0pt; font-family: 'Arial','sans-serif'; color: #222222;\">We are a team of leading, enthusiastic and visionary collaborators committed to the integral development of organizations and their territories, based on complex, holistic and dialogical thinking.<\/span><\/p>\n\n\n\n<h2 class=\"wp-block-heading\">Vision<\/h2>\n\n\n\n<p><span style=\"font-size: 13.0pt; font-family: 'Arial','sans-serif'; color: #222222;\">To contribute to the achievement of a planet of synergistic and harmonious relationships between each of the beings that inhabit it, as well as between nature and man.&nbsp;&nbsp;<\/span><\/p>\n\n\n\n<h2 class=\"wp-block-heading\">Mission<\/h2>\n\n\n\n<p><span style=\"font-size: 13.0pt; font-family: 'Arial','sans-serif'; color: #222222;\">To contribute to the improvement of organizations and their territories of influence through the development of local capacities, innovation, teamwork and the facilitation of a common vision negotiated among local actors to offer efficient, effective, coherent and relevant proposals to the opportunities presented in the environment, as well as to the solution of local problems.&nbsp;&nbsp;<\/span><\/p>\n\n\n\n<h2 class=\"wp-block-heading\">Values<\/h2>\n\n\n\n<p><span style=\"box-sizing: inherit;\"><strong style=\"box-sizing: inherit;\"><span style=\"font-size: 13.0pt; font-family: 'Arial','sans-serif'; color: red;\">Q<\/span><\/strong><\/span><strong style=\"box-sizing: inherit;\"><span style=\"font-size: 13.0pt; font-family: 'Arial','sans-serif'; color: #222222;\">uality:<\/span><\/strong><span style=\"font-size: 13.0pt; font-family: 'Arial','sans-serif'; color: #222222;\">&nbsp;We are committed to the total satisfaction of our clients and users, that is why we emphasize doing things in the best way, in order and completely, being very careful with the details of form and substance according to the established requirements.<\/span><\/p>\n\n\n\n<p><span style=\"box-sizing: inherit;\"><strong style=\"box-sizing: inherit;\"><span style=\"font-size: 13.0pt; font-family: 'Arial','sans-serif'; color: red;\">R<\/span><\/strong><\/span><strong style=\"box-sizing: inherit;\"><span style=\"font-size: 13.0pt; font-family: 'Arial','sans-serif'; color: #222222;\">esponsibility:<\/span><\/strong><span style=\"font-size: 13.0pt; font-family: 'Arial','sans-serif'; color: #222222;\">&nbsp;Each of our collaborators is permanently aware and attentive to their responsibilities, to develop them in a timely manner, refraining from causing any harm during their development.<\/span><\/p>\n\n\n\n<p><span style=\"box-sizing: inherit;\"><strong style=\"box-sizing: inherit;\"><span style=\"font-size: 13.0pt; font-family: 'Arial','sans-serif'; color: red;\">E<\/span><\/strong><\/span><strong style=\"box-sizing: inherit;\"><span style=\"font-size: 13.0pt; font-family: 'Arial','sans-serif'; color: #222222;\">thics:<\/span><\/strong><span style=\"font-size: 13.0pt; font-family: 'Arial','sans-serif'; color: #222222;\">&nbsp;All our activities, processes, products and services are developed with honesty and transparency; we never simulate or deceive anyone and we always strive to show the truth and act in the appropriate manner.<\/span><\/p>\n\n\n\n<p><span style=\"box-sizing: inherit;\"><strong style=\"box-sizing: inherit;\"><span style=\"font-size: 13.0pt; font-family: 'Arial','sans-serif'; color: red;\">L<\/span><\/strong><\/span><strong style=\"box-sizing: inherit;\"><span style=\"font-size: 13.0pt; font-family: 'Arial','sans-serif'; color: #222222;\">earning:<\/span><\/strong><span style=\"font-size: 13.0pt; font-family: 'Arial','sans-serif'; color: #222222;\">&nbsp;We are constantly moving forward in terms of improving our processes and capabilities; that is why we maintain an open and learning attitude at all times. We know that we learn much more from mistakes than from successes, so we maintain a policy of \"accepting\" our mistakes and always learning from them to avoid repeating them.<\/span><\/p>\n\n\n\n<p><span style=\"box-sizing: inherit;\"><strong style=\"box-sizing: inherit;\"><span style=\"font-size: 13.0pt; font-family: 'Arial','sans-serif'; color: red;\">R<\/span><\/strong><\/span><strong style=\"box-sizing: inherit;\"><span style=\"font-size: 13.0pt; font-family: 'Arial','sans-serif'; color: #222222;\">espect:<\/span><\/strong><span style=\"font-size: 13.0pt; font-family: 'Arial','sans-serif'; color: #222222;\">&nbsp;Our team is fully open and accepting of racial, gender, cultural, religious, experiential, and value diversity, and therefore does not tolerate any type of discrimination or disregard for the human rights of all.<\/span><\/p>\n\n\n\n<p><span style=\"box-sizing: inherit;\"><strong style=\"box-sizing: inherit;\"><span style=\"font-size: 13.0pt; font-family: 'Arial','sans-serif'; color: red;\">S<\/span><\/strong><\/span><strong style=\"box-sizing: inherit;\"><span style=\"font-size: 13.0pt; font-family: 'Arial','sans-serif'; color: #222222;\">tudy:<\/span><\/strong><span style=\"font-size: 13.0pt; font-family: 'Arial','sans-serif'; color: #222222;\">&nbsp;Being here and now implies a deep understanding of what we do; we are not automatons, so we study what we do to contribute to the generation of relevant knowledge, promoting the growth of our collaborators, clients and users through intelligent study.<\/span><\/p>\n\n\n\n<p><span style=\"box-sizing: inherit;\"><strong style=\"box-sizing: inherit;\"><span style=\"font-size: 13.0pt; font-family: 'Arial','sans-serif'; color: red;\">D<\/span><\/strong><\/span><strong style=\"box-sizing: inherit;\"><span style=\"font-size: 13.0pt; font-family: 'Arial','sans-serif'; color: #222222;\">iscipline:<\/span><\/strong><span style=\"font-size: 13.0pt; font-family: 'Arial','sans-serif'; color: #222222;\">&nbsp;We recognize the value of consistent, coherent, and well-structured work. Performing our duties in a disciplined manner includes punctuality, meeting objectives, deadlines, and commitments.&nbsp;<\/span><\/p>\n\n\n\n<p><span style=\"box-sizing: inherit;\"><strong style=\"box-sizing: inherit;\"><span style=\"font-size: 13.0pt; font-family: 'Arial','sans-serif'; color: red;\">CREATE NETWORK<\/span><\/strong><\/span><span style=\"font-size: 13.0pt; font-family: 'Arial','sans-serif'; color: #222222;\">, in harmony with the concept of&nbsp;<em style=\"box-sizing: inherit;\"><span style=\"font-family: 'Arial','sans-serif';\">Unus Mundus<\/span><\/em>\u2026<\/span><\/p>\n\n\n\n<h2 class=\"wp-block-heading\">Unus Mundus<\/h2>\n\n\n\n<p><span style=\"font-size: 13.0pt; font-family: 'Arial','sans-serif'; color: #222222;\">ETRADETER takes up the Jungian premise of \u201c<em style=\"box-sizing: inherit;\"><span style=\"font-family: 'Arial','sans-serif';\">one world<\/span><\/em>\u201c accepting the unified reality from which everything emerges and to which everything returns; therefore, we accept the synchronicity and oneness of the planet and all the beings that inhabit it, hoping to contribute to the \u201cwhole\u201d through service developed with passion, love and professionalism.<\/span><\/p>\n<\/div>\n<\/div>","protected":false},"excerpt":{"rendered":"<p>Somos un equipo de colaboradores l\u00edderes, entusiastas y visionarios comprometidos con el desarrollo integral de las organizaciones y sus territorios, teniendo como base el pensamiento complejo, hol\u00edstico y dial\u00f3gico. Visi\u00f3n Contribuir al logro de un planeta de relaciones sin\u00e9rgicas y arm\u00f3nicas entre cada uno de los seres que lo habitamos, [&hellip;]<\/p>","protected":false},"author":1,"featured_media":0,"parent":0,"menu_order":0,"comment_status":"closed","ping_status":"closed","template":"","meta":{"_acf_changed":false,"footnotes":""},"class_list":["post-97","page","type-page","status-publish","hentry"],"acf":[],"_links":{"self":[{"href":"https:\/\/etradeter.org\/en\/wp-json\/wp\/v2\/pages\/97","targetHints":{"allow":["GET"]}}],"collection":[{"href":"https:\/\/etradeter.org\/en\/wp-json\/wp\/v2\/pages"}],"about":[{"href":"https:\/\/etradeter.org\/en\/wp-json\/wp\/v2\/types\/page"}],"author":[{"embeddable":true,"href":"https:\/\/etradeter.org\/en\/wp-json\/wp\/v2\/users\/1"}],"replies":[{"embeddable":true,"href":"https:\/\/etradeter.org\/en\/wp-json\/wp\/v2\/comments?post=97"}],"version-history":[{"count":37,"href":"https:\/\/etradeter.org\/en\/wp-json\/wp\/v2\/pages\/97\/revisions"}],"predecessor-version":[{"id":2074,"href":"https:\/\/etradeter.org\/en\/wp-json\/wp\/v2\/pages\/97\/revisions\/2074"}],"wp:attachment":[{"href":"https:\/\/etradeter.org\/en\/wp-json\/wp\/v2\/media?parent=97"}],"curies":[{"name":"wp","href":"https:\/\/api.w.org\/{rel}","templated":true}]}}